{"id":2765,"date":"2020-11-08T16:56:11","date_gmt":"2020-11-08T15:56:11","guid":{"rendered":"https:\/\/www.ko-ev.de\/topics\/consent-culture\/"},"modified":"2025-02-10T20:41:58","modified_gmt":"2025-02-10T19:41:58","slug":"consent-culture","status":"publish","type":"page","link":"https:\/\/www.ko-ev.de\/en\/topics\/consent-culture\/","title":{"rendered":"Consent culture"},"content":{"rendered":"\n<h2 class=\"wp-block-heading\">Developing a consent culture: \u201cOnly YES means YES\u201c<\/h2>\n\n<p>We advocate supplementing the current sexual offences law<strong> <\/strong>with the principle of \u201cOnly yes means yes\u201d with the aim of developing and promoting a culture of consent in Germany. We also want to raise awareness in our society about the importance and necessity of a consent culture. <\/p>\n\n<h3 class=\"wp-block-heading\">The context<\/h3>\n\n<p>Sexualised and physical violence against women remains a major problem in Germany. <strong>On average, a woman is murdered every third day; almost one in seven women in Germany has been raped or sexually assaulted.<\/strong> These figures come from a representative <a rel=\"noreferrer noopener\" href=\"https:\/\/www.bmfsfj.de\/blob\/84328\/0c83aab6e685eeddc01712109bcb02b0\/langfassung-studie-frauen-teil-eins-data.pdf\" target=\"_blank\">study<\/a> published by the German Federal Ministry for Family, Seniors, Women and Young People (BMFSFJ) in 2004. Since then, however, no new figures have been collected, as can be seen on the German Bundestag page relating to the debate on the motion by the parliamentary faction Die Linke entitled <a rel=\"noreferrer noopener\" href=\"https:\/\/dip21.bundestag.de\/dip21\/btd\/19\/143\/1914380.pdf\" target=\"_blank\">\u201cGewalt an Frauen und M\u00e4dchen systematisch bek\u00e4mpfen \u2013 Grundlagen zur erfolgreichen Umsetzung der Istanbul-Konvention schaffen\u201d<\/a> (Systematically combating violence against women and girls \u2013 laying the foundations for the successful implementation of the Istanbul Convention) (19\/14380). <a href=\"https:\/\/www.bundestag.de\/dokumente\/textarchiv\/2019\/kw46-de-istanbul-konvention-667240\" target=\"_blank\" rel=\"noreferrer noopener\">According to the faction<\/a>, \u201c&#8230; owing to a lack of data there is no overview of gender-based violence that encompasses all forms of violence against women and girls. By ratifying the Istanbul Convention, however, Germany is obliged to collect such data.\u201d The Istanbul Convention, as ratified by Germany, came into force as federal law on February 1, 2018. It obliges Germany to take comprehensive measures to prevent and eliminate violence against women and domestic violence.   <\/p>\n\n<p>In a report published in September 2023 on partner violence, the German Federal Criminal Office concluded as follows: \u201cA statistical analysis of the data on partner violence shows that violence in existing and former partnerships in Germany has increased in recent years. Even though there has been a decrease from the peak levels of the previous year, an analysis of the recorded number of victims in the last five years reveals an overall increase of 3.4% (2019: 141,792 persons; 2020: 148,031 persons; 2021: 143,604 persons). (<a rel=\"noreferrer noopener\" href=\"https:\/\/www.bka.de\/SharedDocs\/Downloads\/DE\/Publikationen\/JahresberichteUndLagebilder\/HaeuslicheGewalt\/HaeuslicheGewalt2022.html?nn=219004\" target=\"_blank\">Source<\/a>)<\/p>\n\n<h3 class=\"wp-block-heading\">The current legal situation<\/h3>\n\n<p>The current sexual offences law in Germany, the law to improve protection of sexual self-determination, came into force on November 10, 2016. <strong>Since then, the principle of \u201cNo means no\u201d has been applied. <\/strong>Part of this law is Section 177, Paragraph 2, which reads as follows:<\/p>\n\n<p>(2) <em>Likewise, any person who performs sexual acts on another person, or who causes another person to perform sexual acts or who uses a person to perform sexual acts on or suffer sexual acts by a third party is punishable if<\/em><\/p>\n\n<p><em><em>1. the perpetrator exploits the incapacity of the person to display or express their opposition;<\/em><\/em><br\/><em><em>2. the perpetrator exploits the fact that the person is significantly restricted in their ability to display or express their opposition on account of their physical or mental condition, unless the perpetrator has assured themselves of the consent of that person;<\/em><\/em><br\/><em><em>3. the perpetrator exploits an element of surprise;<\/em><\/em><br\/><em><em>4. the perpetrator exploits a situation in which the victim is threatened with harm if they resist, or<\/em><\/em><br\/><em>5. the perpetrator has coerced the person to perform or suffer sexual acts under the threat of harm.<\/em><\/p>\n\n<p>The problem with the updated sexual offences law is that the principle of consent \u2013 a clear \u201conly yes means yes\u201d \u2013 is not enshrined in it. Despite subsection 2 stating \u201cunless the perpetrator has assured themselves of the consent of that person\u201d, it is highly questionable as to how a person who \u201cis significantly restricted in their ability to display or express their opposition on account of their physical or mental condition\u201d can be capable of giving their consent at all. This seems to be highly contradictory. Although people who cannot express a clear \u201cno\u201d because of knockout drops, catatonia, shock-induced paralysis, etc. are covered by this subsection, <strong>a clear a clear notion of consent such that any non-consensual sexual intercourse amounts to rape is simply missing.<\/strong><\/p>\n\n<p><a rel=\"noreferrer noopener\" href=\"https:\/\/www.amnesty.org\/download\/Documents\/EUR0194522018ENGLISH.PDF\" target=\"_blank\">Amnesty International also came to this conclusion in its 2018 report \u201cRight to be free from rape \u2013 Overview of legislation and state of play in Europe and international human rights standards \u2013 Amnesty International \u2013 Index No: EUR 01\/9452\/2018\u201d<\/a>: The amended legislation, however, does not focus on the absence of consent as such but on the victim\u2019s expression of their refusal to engage in the sexual act. The \u201cno means no\u201d model is problematic as it implies the existence of consent by default, in every situation where there is no express refusal to engage in a sexual act, as opposed to interpreting consent as active participation and\/or affirmative expression.\u201d  <strong>as opposed to interpreting consent as active participation and\/or affirmative expression.\u201d<\/strong>\u201c (Original Quote: \u201eThe amended legislation, however, does not focus on the absence of consent as such but on the victim\u2019s expression of their refusal to engage in the sexual act. The \u201cno means no\u201d model is problematic as it implies the existence of consent by default, in every situation where there is no express refusal to engage in a sexual act, as opposed to interpreting consent as active participation and\/or affirmative expression.\u201d)<\/p>\n\n<h3 class=\"wp-block-heading\">Supplementary legislation<\/h3>\n\n<p>Seit Juli 2018 gilt in Schweden ein neues Sexualstrafrecht, das sogenannte \u201eEinverst\u00e4ndnisgesetz\u201c, auf Schwedisch \u201e<a rel=\"noreferrer noopener\" href=\"https:\/\/data.riksdagen.se\/fil\/A2A4407F-B114-4368-A233-80FFFFB4D50F\" target=\"_blank\">Samtyckeslag<\/a>\u201c. Nach diesem neuen Gesetz <strong>kann es nicht mehr als Zustimmung gedeutet werden, wenn sich Partner*innen passiv verhalten<\/strong>. Das Prinzip lautet \u00bbNur Ja hei\u00dft Ja\u00ab \u2013 das bedeutet, dass Partner*innen <strong>auf verbale oder nonverbale Weise sein Einverst\u00e4ndnis zum Ausdruck bringen m\u00fcssen<\/strong>.  <\/p>\n\n<p>In her article \u201cOnly yes means yes \u2013 how a new consent culture is emerging in Sweden\u201d, Birthe Bergh\u00f6fer cites Olivia Bj\u00f6rklund Dahlgren, chair of the organisation <em>Fatta<\/em>: \u201cInstead of simply criminalising a certain behaviour, the law aims to establish a new norm in society.\u201d Bergh\u00f6fer also writes that the Social Democratic Prime Minister Stefan L\u00f6fven is also interested in a fundamental change. According to the government\u2019s draft law, the need for consent sends \u201ca clear and normative message and can thereby influence societal values.\u201d <strong>The consent law is therefore a ground-breaking way to deal with sexualised violence.<\/strong> In many countries, sexual offences legislation still does not meet the standards of the <a rel=\"noreferrer noopener\" href=\"https:\/\/rm.coe.int\/CoERMPublicCommonSearchServices\/DisplayDCTMContent?documentId=0900001680462535\" target=\"_blank\">Istanbul Convention on preventing and combating violence against women<\/a>. According to Bergh\u00f6fer, the law often recognises rape only if coercion, violence or the threat of violence is involved or if the victim is particularly susceptible owing to drunkenness or physical impairment. (<a href=\"https:\/\/perspective-daily.de\/article\/1060\/dwJebk9O?pk_campaign=Newsletter-2020-01-12-Subscriber\" target=\"_blank\" rel=\"noreferrer noopener\">Source<\/a>)  <\/p>\n\n<p>Ein weiterer wichtiger Aspekt ist die Frage der Verantwortung. Bei der derzeitigen Gesetzeslage liegt die Verantwortung alleine beim Opfer: Es muss nachweisen k\u00f6nnen, dass es sich entweder gewehrt hat, deutlich Nein gesagt hat oder zu beidem aufgrund des k\u00f6rperlichen oder psychischen Zustands in der Bildung oder \u00c4u\u00dferung des Willens erheblich eingeschr\u00e4nkt war. Der Richter Klaus Haller, der andere Richter*innen und Staatsanw\u00e4lt*innen in Sachen Opferschutz schult, sieht gerade bei Sexualdelikten gro\u00dfe Wissensl\u00fccken bei seinen Kolleg*innen (Quelle: Sendung \u201e<a rel=\"noreferrer noopener\" href=\"https:\/\/www.youtube.com\/watch?v=xjdgUiPpYbc&amp;t=42s\" target=\"_blank\">Vergewaltigt \u2013 Wir zeigen an<\/a>\u201c WDR, ARD Mai 2018). Um dem unzul\u00e4nglichen Opferschutz bei Sexualdelikten entgegenzuwirken, ist es wichtig, <strong>dass die Verantwortung nicht beim Opfer, sondern bei den T\u00e4ter*innen liegt<\/strong>. Es obliegt dann n\u00e4mlich deren Verantwortung, sich der Zustimmung und des Einverst\u00e4ndnisses zu versichern.    <\/p>\n\n<p>Our aim is for Germany to follow the example of Sweden and <strong>to amend its current sexual offences law to include the consent principle of \u201conly yes means yes\u201d<\/strong>. This almost happened at the start of February 2024 when the EU agreed on <a rel=\"noreferrer noopener\" href=\"https:\/\/germany.representation.ec.europa.eu\/news\/bekampfung-von-gewalt-gegen-frauen-einigung-auf-eu-richtlinie-2024-02-07_de\" target=\"_blank\">a new directive to combat violence against women<\/a>. However, it did not include EU-wide standardisation of the offence of rape based on the consent principle of \u201cyes means yes\u201d. This would have been an important historic step but unfortunately the chance was missed because of states such as Germany, France and Hungary. <a rel=\"noreferrer noopener\" href=\"https:\/\/www.ko-ev.de\/aus-dem-ko-alltag-januar-2024\/\" target=\"_blank\">The German Minister of Justice, Marco Buschmann (FDP)<\/a>, of all people, ensured that Germany retains a sexual offences law without the principle of consent. Other countries are much more progressive. The principle of consent is already enshrined in law in the following European countries: Belgium, Croatia, Cyprus, Denmark, Finland, Greece, Ireland, Iceland, Luxembourg, Malta, Netherlands, Slovenia, Spain, Sweden and the UK (Sources: <a rel=\"noreferrer noopener\" href=\"https:\/\/www.sueddeutsche.de\/projekte\/artikel\/kultur\/konsens-sex-metoo-vergewaltigung-strafrecht-e190285\/?utm_content=sexkonsens_e190285&amp;utm_medium=organic_content&amp;utm_source=instagram_reel&amp;utm_campaign=opsocial&amp;reduced=true\" target=\"_blank\">SZ<\/a> &amp; <a rel=\"noreferrer noopener\" href=\"https:\/\/www.amnesty.ch\/de\/laender\/europa-zentralasien\/spanien\/dok\/2022\/nur-ja-heisst-ja-in-spanien#:~:text=Diese%2012%20L%C3%A4nder%20in%20Europa,%2C%20Slowenien%2C%20Irland%2C%20Kroatien.\" target=\"_blank\">Amnesty International)<\/a>.     <\/p>\n\n<p>We have been fighting for a number of years for Germany to join these countries. Sadly in vain so far. Please support our efforts. <strong>Sign the <a rel=\"noreferrer noopener\" href=\"http:\/\/www.change.org\/jaheisstja\" target=\"_blank\">\u201cYes means yes\u201d<\/a> petition and share it far and wide.<\/strong> <\/p>\n","protected":false},"excerpt":{"rendered":"<p>Developing a consent culture: \u201cOnly YES means YES\u201c We advocate supplementing the current sexual offences law with the principle of \u201cOnly yes means yes\u201d with the aim of developing and promoting a culture of consent in Germany. We also want to raise awareness in our society about the importance and necessity of a consent culture.&hellip;<\/p>\n","protected":false},"author":1,"featured_media":2443,"parent":2762,"menu_order":1,"comment_status":"closed","ping_status":"closed","template":"page-templates\/nosidebar-page.php","meta":{"footnotes":""},"class_list":["post-2765","page","type-page","status-publish","has-post-thumbnail","hentry","comments-closed","no-comments"],"_links":{"self":[{"href":"https:\/\/www.ko-ev.de\/en\/wp-json\/wp\/v2\/pages\/2765","targetHints":{"allow":["GET"]}}],"collection":[{"href":"https:\/\/www.ko-ev.de\/en\/wp-json\/wp\/v2\/pages"}],"about":[{"href":"https:\/\/www.ko-ev.de\/en\/wp-json\/wp\/v2\/types\/page"}],"author":[{"embeddable":true,"href":"https:\/\/www.ko-ev.de\/en\/wp-json\/wp\/v2\/users\/1"}],"replies":[{"embeddable":true,"href":"https:\/\/www.ko-ev.de\/en\/wp-json\/wp\/v2\/comments?post=2765"}],"version-history":[{"count":1,"href":"https:\/\/www.ko-ev.de\/en\/wp-json\/wp\/v2\/pages\/2765\/revisions"}],"predecessor-version":[{"id":2766,"href":"https:\/\/www.ko-ev.de\/en\/wp-json\/wp\/v2\/pages\/2765\/revisions\/2766"}],"up":[{"embeddable":true,"href":"https:\/\/www.ko-ev.de\/en\/wp-json\/wp\/v2\/pages\/2762"}],"wp:featuredmedia":[{"embeddable":true,"href":"https:\/\/www.ko-ev.de\/en\/wp-json\/wp\/v2\/media\/2443"}],"wp:attachment":[{"href":"https:\/\/www.ko-ev.de\/en\/wp-json\/wp\/v2\/media?parent=2765"}],"curies":[{"name":"wp","href":"https:\/\/api.w.org\/{rel}","templated":true}]}}